{"id":34,"date":"2025-04-16T18:44:39","date_gmt":"2025-04-16T18:44:39","guid":{"rendered":"https:\/\/thirdroom.at\/about\/"},"modified":"2025-06-03T16:35:12","modified_gmt":"2025-06-03T16:35:12","slug":"about","status":"publish","type":"page","link":"https:\/\/thirdroom.at\/hr\/about\/","title":{"rendered":"O meni"},"content":{"rendered":"<div class=\"wp-block-uagb-container uagb-block-65a8e191 alignfull uagb-is-root-container\"><div class=\"uagb-container-inner-blocks-wrap\">\n<div class=\"wp-block-uagb-info-box uagb-block-e42f1764 uagb-infobox__content-wrap  uagb-infobox-icon-above-title uagb-infobox-image-valign-top\"><div class=\"uagb-ifb-content\"><div class=\"uagb-ifb-title-wrap\"><h1 class=\"uagb-ifb-title-prefix\">Discovering Your Inner World<\/h1><p class=\"uagb-ifb-title\">A safe space to explore your emotions and thoughts. <\/p><\/div><\/div><\/div>\n<\/div><\/div>\n\n\n\n<div class=\"wp-block-uagb-container uagb-block-1f113e62 alignfull uagb-is-root-container\"><div class=\"uagb-container-inner-blocks-wrap\">\n<div class=\"wp-block-uagb-container uagb-block-c7fbc965\">\n<div class=\"wp-block-uagb-image uagb-block-72688499 wp-block-uagb-image--layout-default wp-block-uagb-image--effect-static wp-block-uagb-image--align-none\"><figure class=\"wp-block-uagb-image__figure\"><img decoding=\"async\" srcset=\"https:\/\/thirdroom.at\/wp-content\/uploads\/2025\/04\/thirdroom-002-1024x819.jpg ,https:\/\/thirdroom.at\/wp-content\/uploads\/2025\/04\/thirdroom-002.jpg 780w, https:\/\/thirdroom.at\/wp-content\/uploads\/2025\/04\/thirdroom-002.jpg 360w\" sizes=\"auto, (max-width: 480px) 150px\" src=\"https:\/\/thirdroom.at\/wp-content\/uploads\/2025\/04\/thirdroom-002-1024x819.jpg\" alt=\"\" class=\"uag-image-386\" width=\"1024\" height=\"819\" title=\"thirdroom-002\" loading=\"lazy\" role=\"img\"\/><\/figure><\/div>\n<\/div>\n\n\n\n<div class=\"wp-block-uagb-container uagb-block-7efbd0d8\">\n<div class=\"wp-block-uagb-info-box uagb-block-1da524b8 uagb-infobox__content-wrap  uagb-infobox-icon-above-title uagb-infobox-image-valign-top\"><div class=\"uagb-ifb-content\"><div class=\"uagb-ifb-title-wrap\"><span class=\"uagb-ifb-title-prefix\">Osobno Putovanje<\/span><h2 class=\"uagb-ifb-title\">Razvijaju\u0107i put do razumijevanja kroz psihoanalizu<\/h2><\/div><p class=\"uagb-ifb-desc\">Moje zanimanje za psihoanalizu izraslo je iz znati\u017eelje prema dubljim strujama na\u0161ega \u017eivota \u2013 prema onome \u0161to se uporno ponavlja i prema osje\u0107ajima kojima te\u0161ko pronalazimo mjesto. Ta je znati\u017eelja prerasla u posve\u0107enost razumijevanju unutarnjeg svijeta te u stvaranje prostora u kojem mo\u017eete istra\u017eivati i ono \u0161to jo\u0161 nije sasvim jasno.<\/p><\/div><\/div>\n\n\n\n<div class=\"wp-block-uagb-advanced-heading uagb-block-8d4b7a60 uag-hide-tab uag-hide-mob\"><p class=\"uagb-desc-text\">Psihoanaliti\u010darka sam na edukaciji i pod supervizijom (i.A.u.S.) u Be\u010du te terapiju pru\u017eam na engleskom i hrvatskom jeziku. Akademsku osnovu stekla sam na studijima znanosti o psihoterapiji i psihologije, a klini\u010dko sam iskustvo gradila u raznolikim terapijskim okru\u017eenjima. Kontinuirana supervizija, osobna analiza i stalno stru\u010dno usavr\u0161avanje omogu\u0107uju mi da vas pa\u017eljivije slu\u0161am i dublje razumijem.<\/p><\/div>\n\n\n\n<div class=\"wp-block-uagb-advanced-heading uagb-block-86594438 uag-hide-tab uag-hide-mob\"><p class=\"uagb-desc-text\">U na\u0161im susretima nastojim stvoriti mirno, postojano i otvoreno okru\u017eenje u kojem mo\u017eete slobodno govoriti o svojim mislima i osje\u0107ajima, bili oni jasni ili zbunjuju\u0107i. Terapija je \u010desto proces otkrivanja, a ne brza intervencija; no s vremenom mo\u017ee dovesti do novih na\u010dina razumijevanja sebe i svojih odnosa. Ako razmi\u0161ljate o terapiji, poti\u010dem vas da me kontaktirate.<\/p><\/div>\n<\/div>\n<\/div><\/div>\n\n\n\n<div class=\"wp-block-uagb-container uagb-block-bce67eba alignfull uagb-is-root-container\"><div class=\"uagb-container-inner-blocks-wrap\">\n<div class=\"wp-block-uagb-container uagb-block-dd6cea9c\">\n<div class=\"wp-block-uagb-info-box uagb-block-0a0395e9 uagb-infobox__content-wrap  uagb-infobox-icon-above-title uagb-infobox-image-valign-top\"><div class=\"uagb-ifb-content\"><div class=\"uagb-ifb-title-wrap\"><h3 class=\"uagb-ifb-title-prefix\">Rije\u010di imaju magi\u010dnu mo\u0107. Mogu donijeti najve\u0107u sre\u0107u ili najmra\u010dniji o\u010daj...Rije\u010di su sposobne probuditi najja\u010de osje\u0107aje i potaknuti sve ljudske postupke.<\/h3><p class=\"uagb-ifb-title\">Sigmund Freud<\/p><\/div><\/div><\/div>\n<\/div>\n\n\n\n<div class=\"wp-block-uagb-container uagb-block-9e85a772\">      \n\t\t\t<div class=\"uagb-icon-wrapper uagb-block-40e8186c  wp-block-uagb-icon--has-margin\"\n\t\t\tstyle=\"\" >\n\t\t\t\t\t\t\t\t<div class='uagb-icon-margin-wrapper'>\n\t\t\t\t\t\t\t\t\t<span class=\"uagb-svg-wrapper\" \n\t\t\t\t\t aria-label=\"quote-right\"\t\t\t\t\ttabindex=\"0\">\t\t\n\t\t\t\t\t\t\t\t\t\t<svg xmlns=\"https:\/\/www.w3.org\/2000\/svg\" viewbox= \"0 0 448 512\" role=\"graphics-symbol\" aria-hidden=\"false\" aria-label=\"\"><path d=\"M96 96C42.98 96 0 138.1 0 192s42.98 96 96 96c11.28 0 21.95-2.305 32-5.879V288c0 35.3-28.7 64-64 64c-17.67 0-32 14.33-32 32s14.33 32 32 32c70.58 0 128-57.42 128-128V192C192 138.1 149 96 96 96zM448 192c0-53.02-42.98-96-96-96s-96 42.98-96 96s42.98 96 96 96c11.28 0 21.95-2.305 32-5.879V288c0 35.3-28.7 64-64 64c-17.67 0-32 14.33-32 32s14.33 32 32 32c70.58 0 128-57.42 128-128V192z\"><\/path><\/svg>\n\t\t\t\t\t\t\t\t\t<\/span>\n\t\t\t\t\t\t\t\t<\/div>\n\t\t\t\t\t\t\t<\/div>\n\t\t\t<\/div>\n<\/div><\/div>\n\n\n\n<div class=\"wp-block-uagb-container uagb-block-ed6a7a4e alignfull uagb-is-root-container\"><div class=\"uagb-container-inner-blocks-wrap\">\n<div class=\"wp-block-uagb-container uagb-block-1ecaf3d6\">\n<div class=\"wp-block-uagb-advanced-heading uagb-block-94a6fd41\"><div class=\"uagb-heading-text\">Vjerujem u transformativnu mo\u0107 samospoznaje i promi\u0161ljanja<\/div><\/div>\n<\/div>\n\n\n\n<div class=\"wp-block-uagb-container uagb-block-63d6fc23\">\n<div class=\"wp-block-uagb-info-box uagb-block-5498914e uagb-infobox__content-wrap  uagb-infobox-icon-above-title uagb-infobox-image-valign-top\"><div class=\"uagb-ifb-content\"><div class=\"uagb-ifb-title-wrap\"><h3 class=\"uagb-ifb-title\">Profesionalna Pozadina&nbsp;<\/h3><\/div><\/div><\/div>\n\n\n\n<div class=\"wp-block-uagb-container uagb-block-cd37ab70\">\n<div class=\"wp-block-uagb-container uagb-block-3a032b26\">\n<div class=\"wp-block-uagb-icon-list uagb-block-eb0e893f\"><div class=\"uagb-icon-list__wrap\">\n<div class=\"wp-block-uagb-icon-list-child uagb-block-83b9495e\"><span class=\"uagb-icon-list__source-wrap\"><svg xmlns=\"https:\/\/www.w3.org\/2000\/svg\" viewbox=\"0 0 512 512\"><path d=\"M256 0C114.6 0 0 114.6 0 256c0 141.4 114.6 256 256 256s256-114.6 256-256C512 114.6 397.4 0 256 0zM406.6 278.6l-103.1 103.1c-12.5 12.5-32.75 12.5-45.25 0s-12.5-32.75 0-45.25L306.8 288H128C110.3 288 96 273.7 96 256s14.31-32 32-32h178.8l-49.38-49.38c-12.5-12.5-12.5-32.75 0-45.25s32.75-12.5 45.25 0l103.1 103.1C414.6 241.3 416 251.1 416 256C416 260.9 414.6 270.7 406.6 278.6z\"><\/path><\/svg><\/span><span class=\"uagb-icon-list__label\">Psihoterapeutkinja i.A.u.S.<\/span><\/div>\n\n\n\n<div class=\"wp-block-uagb-icon-list-child uagb-block-b17c78bb\"><span class=\"uagb-icon-list__source-wrap\"><svg xmlns=\"https:\/\/www.w3.org\/2000\/svg\" viewbox=\"0 0 512 512\"><path d=\"M256 0C114.6 0 0 114.6 0 256c0 141.4 114.6 256 256 256s256-114.6 256-256C512 114.6 397.4 0 256 0zM406.6 278.6l-103.1 103.1c-12.5 12.5-32.75 12.5-45.25 0s-12.5-32.75 0-45.25L306.8 288H128C110.3 288 96 273.7 96 256s14.31-32 32-32h178.8l-49.38-49.38c-12.5-12.5-12.5-32.75 0-45.25s32.75-12.5 45.25 0l103.1 103.1C414.6 241.3 416 251.1 416 256C416 260.9 414.6 270.7 406.6 278.6z\"><\/path><\/svg><\/span><span class=\"uagb-icon-list__label\">Preddiplomski studij psihoterapijskih znanosti (BA), Sveu\u010dili\u0161te Sigmund Freud, Be\u010d<\/span><\/div>\n\n\n\n<div class=\"wp-block-uagb-icon-list-child uagb-block-0d76d842\"><span class=\"uagb-icon-list__source-wrap\"><svg xmlns=\"https:\/\/www.w3.org\/2000\/svg\" viewbox=\"0 0 512 512\"><path d=\"M256 0C114.6 0 0 114.6 0 256c0 141.4 114.6 256 256 256s256-114.6 256-256C512 114.6 397.4 0 256 0zM406.6 278.6l-103.1 103.1c-12.5 12.5-32.75 12.5-45.25 0s-12.5-32.75 0-45.25L306.8 288H128C110.3 288 96 273.7 96 256s14.31-32 32-32h178.8l-49.38-49.38c-12.5-12.5-12.5-32.75 0-45.25s32.75-12.5 45.25 0l103.1 103.1C414.6 241.3 416 251.1 416 256C416 260.9 414.6 270.7 406.6 278.6z\"><\/path><\/svg><\/span><span class=\"uagb-icon-list__label\">Klini\u010dko iskustvo u Ambulanti Sveu\u010dili\u0161ta Sigmund Freud i u Nastavnom zavodu za javno zdravstvo<\/span><\/div>\n\n\n\n<div class=\"wp-block-uagb-icon-list-child uagb-block-97d85f11\"><span class=\"uagb-icon-list__source-wrap\"><svg xmlns=\"https:\/\/www.w3.org\/2000\/svg\" viewbox=\"0 0 512 512\"><path d=\"M256 0C114.6 0 0 114.6 0 256c0 141.4 114.6 256 256 256s256-114.6 256-256C512 114.6 397.4 0 256 0zM406.6 278.6l-103.1 103.1c-12.5 12.5-32.75 12.5-45.25 0s-12.5-32.75 0-45.25L306.8 288H128C110.3 288 96 273.7 96 256s14.31-32 32-32h178.8l-49.38-49.38c-12.5-12.5-12.5-32.75 0-45.25s32.75-12.5 45.25 0l103.1 103.1C414.6 241.3 416 251.1 416 256C416 260.9 414.6 270.7 406.6 278.6z\"><\/path><\/svg><\/span><span class=\"uagb-icon-list__label\">Trenutno poha\u0111am preddiplomski studij psihologije (BSc) na University of Essex Online<\/span><\/div>\n\n\n\n<div class=\"wp-block-uagb-icon-list-child uagb-block-8b6e6ecf\"><span class=\"uagb-icon-list__source-wrap\"><svg xmlns=\"https:\/\/www.w3.org\/2000\/svg\" viewbox=\"0 0 512 512\"><path d=\"M256 0C114.6 0 0 114.6 0 256c0 141.4 114.6 256 256 256s256-114.6 256-256C512 114.6 397.4 0 256 0zM406.6 278.6l-103.1 103.1c-12.5 12.5-32.75 12.5-45.25 0s-12.5-32.75 0-45.25L306.8 288H128C110.3 288 96 273.7 96 256s14.31-32 32-32h178.8l-49.38-49.38c-12.5-12.5-12.5-32.75 0-45.25s32.75-12.5 45.25 0l103.1 103.1C414.6 241.3 416 251.1 416 256C416 260.9 414.6 270.7 406.6 278.6z\"><\/path><\/svg><\/span><span class=\"uagb-icon-list__label\">Senior Certified Professional Coach (CTA), program akreditiran od ICF-a<\/span><\/div>\n\n\n\n<div class=\"wp-block-uagb-icon-list-child uagb-block-be858175\"><span class=\"uagb-icon-list__source-wrap\"><svg xmlns=\"https:\/\/www.w3.org\/2000\/svg\" viewbox=\"0 0 512 512\"><path d=\"M256 0C114.6 0 0 114.6 0 256c0 141.4 114.6 256 256 256s256-114.6 256-256C512 114.6 397.4 0 256 0zM406.6 278.6l-103.1 103.1c-12.5 12.5-32.75 12.5-45.25 0s-12.5-32.75 0-45.25L306.8 288H128C110.3 288 96 273.7 96 256s14.31-32 32-32h178.8l-49.38-49.38c-12.5-12.5-12.5-32.75 0-45.25s32.75-12.5 45.25 0l103.1 103.1C414.6 241.3 416 251.1 416 256C416 260.9 414.6 270.7 406.6 278.6z\"><\/path><\/svg><\/span><span class=\"uagb-icon-list__label\">Posve\u0107ena kontinuiranom stru\u010dnom razvoju kroz redovitu superviziju i napredne edukacije<\/span><\/div>\n<\/div><\/div>\n<\/div>\n\n\n\n<div class=\"wp-block-uagb-container uagb-block-2ae43c58\">\n<div class=\"wp-block-uagb-image alignright uagb-block-7c1a1e64 wp-block-uagb-image--layout-default wp-block-uagb-image--effect-static wp-block-uagb-image--align-right\"><figure class=\"wp-block-uagb-image__figure\"><img decoding=\"async\" srcset=\"https:\/\/thirdroom.at\/wp-content\/uploads\/2025\/04\/thirdroom-at-002.jpg ,https:\/\/thirdroom.at\/wp-content\/uploads\/2025\/04\/thirdroom-at-002.jpg 780w, https:\/\/thirdroom.at\/wp-content\/uploads\/2025\/04\/thirdroom-at-002.jpg 360w\" sizes=\"auto, (max-width: 480px) 150px\" src=\"https:\/\/thirdroom.at\/wp-content\/uploads\/2025\/04\/thirdroom-at-002.jpg\" alt=\"\" class=\"uag-image-5\" width=\"300\" height=\"400\" title=\"\" loading=\"lazy\" role=\"img\"\/><\/figure><\/div>\n<\/div>\n<\/div>\n<\/div>\n<\/div><\/div>\n\n\n\n<div class=\"wp-block-uagb-container uagb-block-hdmv8kix alignfull uagb-is-root-container\"><div class=\"uagb-container-inner-blocks-wrap\">\n<div class=\"wp-block-uagb-info-box uagb-block-frlryczt uagb-infobox__content-wrap  uagb-infobox-icon-above-title uagb-infobox-image-valign-top\"><div class=\"uagb-ifb-content\"><div class=\"uagb-ifb-title-wrap\"><p class=\"uagb-ifb-title-prefix\">Krenite dalje<\/p><h2 class=\"uagb-ifb-title\">Zakora\u010dite na put dubinskog osobnog rasta<\/h2><\/div><p class=\"uagb-ifb-desc\">Rezervirajte povjerljivo savjetovanje i zapo\u010dnite svoje putovanje prema dubljem razumijevanju sebe uz podr\u0161ku dubinskog pristupa terapiji i suosje\u0107ajnog vodstva prilago\u0111enog vama.<\/p><\/div><\/div>\n\n\n\n<div class=\"wp-block-uagb-buttons uagb-buttons__outer-wrap uagb-btn__default-btn uagb-btn-tablet__default-btn uagb-btn-mobile__default-btn uagb-block-0pzcmzya\"><div class=\"uagb-buttons__wrap uagb-buttons-layout-wrap\">\n<div class=\"wp-block-uagb-buttons-child uagb-buttons__outer-wrap uagb-block-cfc89ac3 wp-block-button\"><div class=\"uagb-button__wrapper\"><a class=\"uagb-buttons-repeater wp-block-button__link\" aria-label=\"\" href=\"\/hr\/contact\/\" rel=\"follow noopener\" target=\"_self\" role=\"button\"><div class=\"uagb-button__link\">Po\u010detak rada<\/div><\/a><\/div><\/div>\n<\/div><\/div>\n<\/div><\/div>","protected":false},"excerpt":{"rendered":"<p>I am a psychoanalyst in training under supervision (i.A.u.S.) in Vienna, and I provide therapy in both English and Croatian. My background is in psychotherapy sciences and psychology, and I have experience in various clinical settings. My ongoing supervision, personal analysis, and studies help me to listen and understand you better. In our sessions, I [&hellip;]<\/p>\n","protected":false},"author":1,"featured_media":0,"parent":0,"menu_order":0,"comment_status":"closed","ping_status":"closed","template":"","meta":{"_uag_custom_page_level_css":"","site-sidebar-layout":"no-sidebar","site-content-layout":"","ast-site-content-layout":"normal-width-container","site-content-style":"default","site-sidebar-style":"default","ast-global-header-display":"","ast-banner-title-visibility":"","ast-main-header-display":"","ast-hfb-above-header-display":"","ast-hfb-below-header-display":"","ast-hfb-mobile-header-display":"","site-post-title":"disabled","ast-breadcrumbs-content":"","ast-featured-img":"","footer-sml-layout":"","ast-disable-related-posts":"","theme-transparent-header-meta":"enabled","adv-header-id-meta":"","stick-header-meta":"","header-above-stick-meta":"","header-main-stick-meta":"","header-below-stick-meta":"","astra-migrate-meta-layouts":"default","ast-page-background-enabled":"default","ast-page-background-meta":{"desktop":{"background-color":"var(--ast-global-color-4)","background-image":"","background-repeat":"repeat","background-position":"center center","background-size":"auto","background-attachment":"scroll","background-type":"","background-media":"","overlay-type":"","overlay-color":"","overlay-opacity":"","overlay-gradient":""},"tablet":{"background-color":"","background-image":"","background-repeat":"repeat","background-position":"center center","background-size":"auto","background-attachment":"scroll","background-type":"","background-media":"","overlay-type":"","overlay-color":"","overlay-opacity":"","overlay-gradient":""},"mobile":{"background-color":"","background-image":"","background-repeat":"repeat","background-position":"center center","background-size":"auto","background-attachment":"scroll","background-type":"","background-media":"","overlay-type":"","overlay-color":"","overlay-opacity":"","overlay-gradient":""}},"ast-content-background-meta":{"desktop":{"background-color":"var(--ast-global-color-5)","background-image":"","background-repeat":"repeat","background-position":"center center","background-size":"auto","background-attachment":"scroll","background-type":"","background-media":"","overlay-type":"","overlay-color":"","overlay-opacity":"","overlay-gradient":""},"tablet":{"background-color":"var(--ast-global-color-5)","background-image":"","background-repeat":"repeat","background-position":"center center","background-size":"auto","background-attachment":"scroll","background-type":"","background-media":"","overlay-type":"","overlay-color":"","overlay-opacity":"","overlay-gradient":""},"mobile":{"background-color":"var(--ast-global-color-5)","background-image":"","background-repeat":"repeat","background-position":"center center","background-size":"auto","background-attachment":"scroll","background-type":"","background-media":"","overlay-type":"","overlay-color":"","overlay-opacity":"","overlay-gradient":""}},"footnotes":""},"class_list":["post-34","page","type-page","status-publish","hentry"],"uagb_featured_image_src":{"full":false,"thumbnail":false,"medium":false,"medium_large":false,"large":false,"1536x1536":false,"2048x2048":false,"trp-custom-language-flag":false},"uagb_author_info":{"display_name":"ui6a0","author_link":"https:\/\/thirdroom.at\/hr\/author\/ui6a0\/"},"uagb_comment_info":0,"uagb_excerpt":"I am a psychoanalyst in training under supervision (i.A.u.S.) in Vienna, and I provide therapy in both English and Croatian. My background is in psychotherapy sciences and psychology, and I have experience in various clinical settings. My ongoing supervision, personal analysis, and studies help me to listen and understand you better. In our sessions, I&hellip;","_links":{"self":[{"href":"https:\/\/thirdroom.at\/hr\/wp-json\/wp\/v2\/pages\/34","targetHints":{"allow":["GET"]}}],"collection":[{"href":"https:\/\/thirdroom.at\/hr\/wp-json\/wp\/v2\/pages"}],"about":[{"href":"https:\/\/thirdroom.at\/hr\/wp-json\/wp\/v2\/types\/page"}],"author":[{"embeddable":true,"href":"https:\/\/thirdroom.at\/hr\/wp-json\/wp\/v2\/users\/1"}],"replies":[{"embeddable":true,"href":"https:\/\/thirdroom.at\/hr\/wp-json\/wp\/v2\/comments?post=34"}],"version-history":[{"count":10,"href":"https:\/\/thirdroom.at\/hr\/wp-json\/wp\/v2\/pages\/34\/revisions"}],"predecessor-version":[{"id":407,"href":"https:\/\/thirdroom.at\/hr\/wp-json\/wp\/v2\/pages\/34\/revisions\/407"}],"wp:attachment":[{"href":"https:\/\/thirdroom.at\/hr\/wp-json\/wp\/v2\/media?parent=34"}],"curies":[{"name":"wp","href":"https:\/\/api.w.org\/{rel}","templated":true}]}}